{"id":42,"date":"2020-04-14T19:12:55","date_gmt":"2020-04-14T17:12:55","guid":{"rendered":"http:\/\/progwin.com.pl\/saluber\/?page_id=42"},"modified":"2024-08-11T07:11:42","modified_gmt":"2024-08-11T05:11:42","slug":"kontakt","status":"publish","type":"page","link":"https:\/\/przychodnia-saluber.pl\/index.php\/kontakt\/","title":{"rendered":"Kontakt"},"content":{"rendered":"\n<p>NR TELEFONU : <strong>61 64 86 990<\/strong><\/p>\n\n\n\n<p>ADRES E-MAIL: <a href=\"mailto:salubertp@gmail.com\">salubertp@gmail.com<\/a><\/p>\n\n\n\n<p>ADRES:<\/p>\n\n\n\n<p><strong>Przychodnia Lekarzy Rodzinnych \u2018SALUBER\u2019 PTAK Sp\u00f3\u0142ka Jawna<\/strong><\/p>\n\n\n\n<p>ul. Sportowa&nbsp; 1<\/p>\n\n\n\n<p>62-080 Tarnowo Podg\u00f3rne<\/p>\n\n\n\n<p>Poniedzia\u0142ek-pi\u0105tek 8.00-18.00<\/p>\n","protected":false},"excerpt":{"rendered":"<p>NR TELEFONU : 61 64 86 990 ADRES E-MAIL: salubertp@gmail.com ADRES: Przychodnia Lekarzy Rodzinnych \u2018SALUBER\u2019 PTAK Sp\u00f3\u0142ka Jawna ul. Sportowa&nbsp; 1 62-080 Tarnowo Podg\u00f3rne Poniedzia\u0142ek-pi\u0105tek 8.00-18.00<\/p>\n","protected":false},"author":1,"featured_media":0,"parent":0,"menu_order":0,"comment_status":"closed","ping_status":"closed","template":"","meta":{"footnotes":""},"class_list":["post-42","page","type-page","status-publish","hentry"],"_links":{"self":[{"href":"https:\/\/przychodnia-saluber.pl\/index.php\/wp-json\/wp\/v2\/pages\/42","targetHints":{"allow":["GET"]}}],"collection":[{"href":"https:\/\/przychodnia-saluber.pl\/index.php\/wp-json\/wp\/v2\/pages"}],"about":[{"href":"https:\/\/przychodnia-saluber.pl\/index.php\/wp-json\/wp\/v2\/types\/page"}],"author":[{"embeddable":true,"href":"https:\/\/przychodnia-saluber.pl\/index.php\/wp-json\/wp\/v2\/users\/1"}],"replies":[{"embeddable":true,"href":"https:\/\/przychodnia-saluber.pl\/index.php\/wp-json\/wp\/v2\/comments?post=42"}],"version-history":[{"count":4,"href":"https:\/\/przychodnia-saluber.pl\/index.php\/wp-json\/wp\/v2\/pages\/42\/revisions"}],"predecessor-version":[{"id":395,"href":"https:\/\/przychodnia-saluber.pl\/index.php\/wp-json\/wp\/v2\/pages\/42\/revisions\/395"}],"wp:attachment":[{"href":"https:\/\/przychodnia-saluber.pl\/index.php\/wp-json\/wp\/v2\/media?parent=42"}],"curies":[{"name":"wp","href":"https:\/\/api.w.org\/{rel}","templated":true}]}}