{"id":234,"date":"2021-01-24T15:15:38","date_gmt":"2021-01-24T14:15:38","guid":{"rendered":"http:\/\/progwin.com.pl\/saluber\/?page_id=234"},"modified":"2024-08-11T07:44:42","modified_gmt":"2024-08-11T05:44:42","slug":"aktualnosci-3","status":"publish","type":"page","link":"https:\/\/przychodnia-saluber.pl\/index.php\/aktualnosci-3\/","title":{"rendered":"Aktualno\u015bci"},"content":{"rendered":"\n<p>Przypominamy o obowi\u0105zkowych szczepieniach dzieci starszych.<\/p>\n\n\n\n<p>Obejmuj\u0105 one dzieci:<\/p>\n\n\n\n<ul class=\"wp-block-list\"><li>w 6 roku \u017cycia tzn. po uko\u0144czonym 5 roku \u017cycia.<\/li><li>w 13 roku \u017cycia tzn. po uko\u0144czonym 12 roku \u017cycia.<\/li><li>W 18 roku \u017cycia tzn. po uko\u0144czonym 17 roku \u017cycia<\/li><\/ul>\n\n\n\n<p>Niemowl\u0119ta planowo rozpoczynamy szczepienia\u00a0w 6 tygodniu \u017cycia .<\/p>\n\n\n\n<p>O kolejnych datach szczepie\u0144 niemowl\u0105t informujemy ka\u017cdego Rodzica osobi\u015bcie podczas wizyty szczepiennej z zachowaniem odst\u0119p\u00f3w zgodnych z podanymi w obowi\u0105zuj\u0105cym kalendarzu szczepie\u0144.<\/p>\n\n\n\n<p>Informacje dotycz\u0105ce szczepie\u0144 w ramach gminnego programu szczepie\u0144 \u2013 patrz zak\u0142adka: Wa\u017cne informacje.<\/p>\n\n\n\n<p>O dodatkowe zalecane szczepienia np. przeciwko HPV, meningokokom, pneumokokom, krztu\u015bcowi, innych zapytaj lekarza lub piel\u0119gniark\u0119 szczepienn\u0105.<\/p>\n","protected":false},"excerpt":{"rendered":"<p>Przypominamy o obowi\u0105zkowych szczepieniach dzieci starszych. Obejmuj\u0105 one dzieci: w 6 roku \u017cycia tzn. po uko\u0144czonym 5 roku \u017cycia. w 13 roku \u017cycia tzn. po uko\u0144czonym 12 roku \u017cycia. W 18 roku \u017cycia tzn. po uko\u0144czonym 17 roku \u017cycia Niemowl\u0119ta &hellip; <a href=\"https:\/\/przychodnia-saluber.pl\/index.php\/aktualnosci-3\/\">Continued<\/a><\/p>\n","protected":false},"author":1,"featured_media":0,"parent":0,"menu_order":0,"comment_status":"closed","ping_status":"closed","template":"","meta":{"footnotes":""},"class_list":["post-234","page","type-page","status-publish","hentry"],"_links":{"self":[{"href":"https:\/\/przychodnia-saluber.pl\/index.php\/wp-json\/wp\/v2\/pages\/234","targetHints":{"allow":["GET"]}}],"collection":[{"href":"https:\/\/przychodnia-saluber.pl\/index.php\/wp-json\/wp\/v2\/pages"}],"about":[{"href":"https:\/\/przychodnia-saluber.pl\/index.php\/wp-json\/wp\/v2\/types\/page"}],"author":[{"embeddable":true,"href":"https:\/\/przychodnia-saluber.pl\/index.php\/wp-json\/wp\/v2\/users\/1"}],"replies":[{"embeddable":true,"href":"https:\/\/przychodnia-saluber.pl\/index.php\/wp-json\/wp\/v2\/comments?post=234"}],"version-history":[{"count":6,"href":"https:\/\/przychodnia-saluber.pl\/index.php\/wp-json\/wp\/v2\/pages\/234\/revisions"}],"predecessor-version":[{"id":408,"href":"https:\/\/przychodnia-saluber.pl\/index.php\/wp-json\/wp\/v2\/pages\/234\/revisions\/408"}],"wp:attachment":[{"href":"https:\/\/przychodnia-saluber.pl\/index.php\/wp-json\/wp\/v2\/media?parent=234"}],"curies":[{"name":"wp","href":"https:\/\/api.w.org\/{rel}","templated":true}]}}