{"id":188,"date":"2021-01-17T10:33:29","date_gmt":"2021-01-17T09:33:29","guid":{"rendered":"http:\/\/progwin.com.pl\/saluber\/?page_id=188"},"modified":"2021-01-24T15:20:10","modified_gmt":"2021-01-24T14:20:10","slug":"rodo","status":"publish","type":"page","link":"https:\/\/przychodnia-saluber.pl\/index.php\/rodo\/","title":{"rendered":"RODO"},"content":{"rendered":"\n<p>Zgodnie z art.13 ust.1 i ust. 2 Rozporz\u0105dzenia Parlamentu Europejskiego i Rady (UE) 2016\/679 z dnia 27 kwietnia 2016r.w sprawie ochrony os\u00f3b fizycznych w zwi\u0105zku z&nbsp;przetwarzaniem danych osobowych i w sprawie swobodnego przep\u0142ywu takich danych oraz uchylenia dyrektywy 95\/46\/WE (og\u00f3lne rozporz\u0105dzenie o ochronie danych), zwanym dalej&nbsp;<strong>RODO<\/strong>, informujemy, \u017ce:<\/p>\n\n\n\n<ol class=\"wp-block-list\" type=\"1\"><li>Administratorem Pani\/Pana danych osobowych jest Przychodnia Lekarzy Rodzinnych \u201eSALUBER\u201d z siedzib\u0105 pod adresem 62-080 Tarnowo Podg\u00f3rne, ul. Sportowa 1, reprezentowana przez jej w\u0142a\u015bciciela \u2013 Grzegorz Ptak.<\/li><li>Inspektorem ochrony danych jest Przemys\u0142aw Szulc, kontakt: przemoszulc@gmail.com.<\/li><li>Pani\/Pana dane osobowe przetwarzane b\u0119d\u0105 na podstawie ustawy z 6 listopada 2008 r. o prawach pacjenta i Rzeczniku Praw Pacjenta.<\/li><li>odbiorcami Pani\/Pana danych osobowych b\u0119d\u0105 wy\u0142\u0105cznie podmioty uprawnione do uzyskania danych osobowych na podstawie przepis\u00f3w prawa (w szczeg\u00f3lno\u015bci Narodowy Fundusz Zdrowia) oraz podmioty, z kt\u00f3rymi administrator zawar\u0142 umowy powierzenia danych.<\/li><li>Pani\/Pana dane osobowe przechowywane b\u0119d\u0105 przez okres minimum 20 lat.<\/li><li>posiada Pani\/Pan prawo do \u017c\u0105dania od administratora dost\u0119pu do danych osobowych, ich sprostowania a tak\u017ce prawo do przenoszenia danych.<\/li><li>ma Pani\/Pan prawo wniesienia skargi do organu nadzorczego;<\/li><li>Pani\/Pana dane nie b\u0119d\u0105 poddane zautomatyzowanemu podejmowaniu decyzji, w tym profilowaniu;<\/li><li>podanie danych osobowych jest wymagane w celu realizacji umowy.<\/li><\/ol>\n\n\n\n<p><\/p>\n","protected":false},"excerpt":{"rendered":"<p>Zgodnie z art.13 ust.1 i ust. 2 Rozporz\u0105dzenia Parlamentu Europejskiego i Rady (UE) 2016\/679 z dnia 27 kwietnia 2016r.w sprawie ochrony os\u00f3b fizycznych w zwi\u0105zku z&nbsp;przetwarzaniem danych osobowych i w sprawie swobodnego przep\u0142ywu takich danych oraz uchylenia dyrektywy 95\/46\/WE (og\u00f3lne &hellip; <a href=\"https:\/\/przychodnia-saluber.pl\/index.php\/rodo\/\">Continued<\/a><\/p>\n","protected":false},"author":1,"featured_media":0,"parent":0,"menu_order":0,"comment_status":"closed","ping_status":"closed","template":"","meta":{"footnotes":""},"class_list":["post-188","page","type-page","status-publish","hentry"],"_links":{"self":[{"href":"https:\/\/przychodnia-saluber.pl\/index.php\/wp-json\/wp\/v2\/pages\/188","targetHints":{"allow":["GET"]}}],"collection":[{"href":"https:\/\/przychodnia-saluber.pl\/index.php\/wp-json\/wp\/v2\/pages"}],"about":[{"href":"https:\/\/przychodnia-saluber.pl\/index.php\/wp-json\/wp\/v2\/types\/page"}],"author":[{"embeddable":true,"href":"https:\/\/przychodnia-saluber.pl\/index.php\/wp-json\/wp\/v2\/users\/1"}],"replies":[{"embeddable":true,"href":"https:\/\/przychodnia-saluber.pl\/index.php\/wp-json\/wp\/v2\/comments?post=188"}],"version-history":[{"count":3,"href":"https:\/\/przychodnia-saluber.pl\/index.php\/wp-json\/wp\/v2\/pages\/188\/revisions"}],"predecessor-version":[{"id":239,"href":"https:\/\/przychodnia-saluber.pl\/index.php\/wp-json\/wp\/v2\/pages\/188\/revisions\/239"}],"wp:attachment":[{"href":"https:\/\/przychodnia-saluber.pl\/index.php\/wp-json\/wp\/v2\/media?parent=188"}],"curies":[{"name":"wp","href":"https:\/\/api.w.org\/{rel}","templated":true}]}}