{"id":159,"date":"2021-01-17T10:26:48","date_gmt":"2021-01-17T09:26:48","guid":{"rendered":"http:\/\/progwin.com.pl\/saluber\/?page_id=159"},"modified":"2021-01-22T18:01:37","modified_gmt":"2021-01-22T17:01:37","slug":"badania-radiologiczne-i-usg","status":"publish","type":"page","link":"https:\/\/przychodnia-saluber.pl\/index.php\/badania-radiologiczne-i-usg\/","title":{"rendered":"Badania radiologiczne i USG"},"content":{"rendered":"\n<p>Diagnostyka&nbsp; radiologiczna&nbsp; oraz usg&nbsp; wykonywane&nbsp; s\u0105&nbsp; w:<\/p>\n\n\n\n<p>&nbsp;<strong>Przychodni&nbsp; Medikor&nbsp; Sp .z o.o.<\/strong><\/p>\n\n\n\n<p>Ul. Braniewska 20<\/p>\n\n\n\n<p>Tel.<strong>618417925<\/strong><\/p>\n\n\n\n<p>60-454 Pozna\u0144<\/p>\n\n\n\n<p><strong>Pracownia Rentgenowska Je\u017cyc<\/strong>e s.c.&nbsp;&nbsp; <strong>i Diagnostyka&nbsp; Medyczna RTG i USG Bogus\u0142aw Antoszewski<\/strong><\/p>\n\n\n\n<p>Poznan&nbsp; ul. Mickiewicza 31<\/p>\n\n\n\n<p>Tel.<strong>618434510<\/strong><\/p>\n","protected":false},"excerpt":{"rendered":"<p>Diagnostyka&nbsp; radiologiczna&nbsp; oraz usg&nbsp; wykonywane&nbsp; s\u0105&nbsp; w: &nbsp;Przychodni&nbsp; Medikor&nbsp; Sp .z o.o. Ul. Braniewska 20 Tel.618417925 60-454 Pozna\u0144 Pracownia Rentgenowska Je\u017cyce s.c.&nbsp;&nbsp; i Diagnostyka&nbsp; Medyczna RTG i USG Bogus\u0142aw Antoszewski Poznan&nbsp; ul. Mickiewicza 31 Tel.618434510<\/p>\n","protected":false},"author":1,"featured_media":0,"parent":0,"menu_order":0,"comment_status":"closed","ping_status":"closed","template":"","meta":{"footnotes":""},"class_list":["post-159","page","type-page","status-publish","hentry"],"_links":{"self":[{"href":"https:\/\/przychodnia-saluber.pl\/index.php\/wp-json\/wp\/v2\/pages\/159","targetHints":{"allow":["GET"]}}],"collection":[{"href":"https:\/\/przychodnia-saluber.pl\/index.php\/wp-json\/wp\/v2\/pages"}],"about":[{"href":"https:\/\/przychodnia-saluber.pl\/index.php\/wp-json\/wp\/v2\/types\/page"}],"author":[{"embeddable":true,"href":"https:\/\/przychodnia-saluber.pl\/index.php\/wp-json\/wp\/v2\/users\/1"}],"replies":[{"embeddable":true,"href":"https:\/\/przychodnia-saluber.pl\/index.php\/wp-json\/wp\/v2\/comments?post=159"}],"version-history":[{"count":2,"href":"https:\/\/przychodnia-saluber.pl\/index.php\/wp-json\/wp\/v2\/pages\/159\/revisions"}],"predecessor-version":[{"id":213,"href":"https:\/\/przychodnia-saluber.pl\/index.php\/wp-json\/wp\/v2\/pages\/159\/revisions\/213"}],"wp:attachment":[{"href":"https:\/\/przychodnia-saluber.pl\/index.php\/wp-json\/wp\/v2\/media?parent=159"}],"curies":[{"name":"wp","href":"https:\/\/api.w.org\/{rel}","templated":true}]}}