{"id":157,"date":"2021-01-17T10:26:19","date_gmt":"2021-01-17T09:26:19","guid":{"rendered":"http:\/\/progwin.com.pl\/saluber\/?page_id=157"},"modified":"2024-08-11T07:42:50","modified_gmt":"2024-08-11T05:42:50","slug":"umow-sie-na-szczepienie-lub-bilans-zdrowia","status":"publish","type":"page","link":"https:\/\/przychodnia-saluber.pl\/index.php\/umow-sie-na-szczepienie-lub-bilans-zdrowia\/","title":{"rendered":"Um\u00f3w si\u0119 na szczepienie lub bilans zdrowia"},"content":{"rendered":"\n<p>Wskazane wcze\u015bniejsze&nbsp; um\u00f3wienie terminu.<\/p>\n\n\n\n<p>Rejestracja&nbsp;&nbsp; od 1 do 7 dni przed planowan\u0105 wizyt\u0105.<\/p>\n\n\n\n<p>Rejestracja telefoniczna:<\/p>\n\n\n\n<p>NR .TEL. <strong><span style=\"color:#f80505\" class=\"has-inline-color\">61 64 86 990<\/span><\/strong><\/p>\n","protected":false},"excerpt":{"rendered":"<p>Wskazane wcze\u015bniejsze&nbsp; um\u00f3wienie terminu. Rejestracja&nbsp;&nbsp; od 1 do 7 dni przed planowan\u0105 wizyt\u0105. Rejestracja telefoniczna: NR .TEL. 61 64 86 990<\/p>\n","protected":false},"author":1,"featured_media":0,"parent":0,"menu_order":0,"comment_status":"closed","ping_status":"closed","template":"","meta":{"footnotes":""},"class_list":["post-157","page","type-page","status-publish","hentry"],"_links":{"self":[{"href":"https:\/\/przychodnia-saluber.pl\/index.php\/wp-json\/wp\/v2\/pages\/157","targetHints":{"allow":["GET"]}}],"collection":[{"href":"https:\/\/przychodnia-saluber.pl\/index.php\/wp-json\/wp\/v2\/pages"}],"about":[{"href":"https:\/\/przychodnia-saluber.pl\/index.php\/wp-json\/wp\/v2\/types\/page"}],"author":[{"embeddable":true,"href":"https:\/\/przychodnia-saluber.pl\/index.php\/wp-json\/wp\/v2\/users\/1"}],"replies":[{"embeddable":true,"href":"https:\/\/przychodnia-saluber.pl\/index.php\/wp-json\/wp\/v2\/comments?post=157"}],"version-history":[{"count":5,"href":"https:\/\/przychodnia-saluber.pl\/index.php\/wp-json\/wp\/v2\/pages\/157\/revisions"}],"predecessor-version":[{"id":406,"href":"https:\/\/przychodnia-saluber.pl\/index.php\/wp-json\/wp\/v2\/pages\/157\/revisions\/406"}],"wp:attachment":[{"href":"https:\/\/przychodnia-saluber.pl\/index.php\/wp-json\/wp\/v2\/media?parent=157"}],"curies":[{"name":"wp","href":"https:\/\/api.w.org\/{rel}","templated":true}]}}