{"id":144,"date":"2021-01-17T10:19:07","date_gmt":"2021-01-17T09:19:07","guid":{"rendered":"http:\/\/progwin.com.pl\/saluber\/?page_id=144"},"modified":"2025-10-10T17:41:44","modified_gmt":"2025-10-10T15:41:44","slug":"godziny-przyjec","status":"publish","type":"page","link":"https:\/\/przychodnia-saluber.pl\/index.php\/godziny-przyjec\/","title":{"rendered":"Godziny przyj\u0119\u0107"},"content":{"rendered":"\n<p><strong><span style=\"color:#eb120a\" class=\"has-inline-color\">GODZINY PRZYJ\u0118\u0106 LEKARZY W GABINECIE<\/span><\/strong><\/p>\n\n\n\n<figure class=\"wp-block-image size-large\"><img fetchpriority=\"high\" decoding=\"async\" width=\"1024\" height=\"538\" src=\"https:\/\/przychodnia-saluber.pl\/wp-content\/uploads\/2020\/04\/doc1-1024x538.jpg\" alt=\"\" class=\"wp-image-29\" srcset=\"https:\/\/przychodnia-saluber.pl\/wp-content\/uploads\/2020\/04\/doc1-1024x538.jpg 1024w, https:\/\/przychodnia-saluber.pl\/wp-content\/uploads\/2020\/04\/doc1-300x158.jpg 300w, https:\/\/przychodnia-saluber.pl\/wp-content\/uploads\/2020\/04\/doc1-768x403.jpg 768w, https:\/\/przychodnia-saluber.pl\/wp-content\/uploads\/2020\/04\/doc1-1536x806.jpg 1536w, https:\/\/przychodnia-saluber.pl\/wp-content\/uploads\/2020\/04\/doc1.jpg 1800w\" sizes=\"(max-width: 1024px) 100vw, 1024px\" \/><figcaption class=\"wp-element-caption\"><br><br><br><strong><span style=\"color:#1707f8\" class=\"has-inline-color\">NIENARTOWICZ-PTAK ANETA<\/span><\/strong><br><strong>Poniedzia\u0142ek<\/strong><br>09:30 \u2013 14:00<br><strong>Wtorek<\/strong><br>Porady Patrona\u017cowe<br><strong>\u015aroda<\/strong><br>09:30 \u2013 14:00<br><strong>Czwartek<\/strong><br>14:00 \u2013 18:00<br><strong>Pi\u0105tek<\/strong><br>09:30 \u2013 14:00<br>\u00a0<br><strong><span style=\"color:#1707f8\" class=\"has-inline-color\">CHOLERZY\u0143SKA MA\u0141GORZATA<\/span><\/strong><br><strong>Poniedzia\u0142ek<\/strong><br>12:00 \u2013 18:00<br><strong>Wtorek<\/strong><br>08:10 \u2013 14:00<br><strong>\u015aroda<\/strong><br>08:10 \u2013 14:00<br><strong>Czwartek<\/strong><br>08:10 \u2013 14:00<br><strong>Pi\u0105tek<\/strong><br>08:10 \u2013 14:00<br>\u00a0<br><strong><span style=\"color:#1707f8\" class=\"has-inline-color\">PTAK GRZEGORZ<\/span><\/strong><br><strong>Poniedzia\u0142ek<\/strong><br>08:30 \u2013 14:00<br><strong>Wtorek<\/strong><br>08:30 \u2013 14:00<br><strong>\u015aroda<\/strong><br>08:30 \u2013 14:00<br>godziny popo\u0142udniowe &#8211; informacja w rejestracji<br><strong>Czwartek<\/strong><br>08:30 \u2013 14:00<br><strong>Pi\u0105tek<\/strong><br>08:30 \u2013 14:00<br>\u00a0<br><strong><span style=\"color:#1707f8\" class=\"has-inline-color\">SIKORSKA-ZA\u0141OBA LUIZA<\/span><\/strong><br><strong><strong>Dni i godziny zmienne! &#8211; informacja w rejestracji.<\/strong><\/strong><br>\u00a0<br><strong><span style=\"color:#1707f8\" class=\"has-inline-color\">SUCHA\u0143SKA TERESA<\/span><\/strong><br><strong>Wtorek<\/strong><br>08:30 \u2013 13:30<br><strong>Czwartek<\/strong><br>08:30 \u2013 13:30<br>\u00a0<br><strong><span style=\"color:#1707f8\" class=\"has-inline-color\"><strong>PTAK PRZEMYS\u0141AW<\/strong><\/span><\/strong><br><strong>Dni i godziny zmienne! &#8211; informacja w rejestracji.<\/strong><br>\u00a0<br><strong><span style=\"color:#1707f8\" class=\"has-inline-color\">KUBICKA-LUDEK BEATA<\/span><\/strong><br><strong>Pi\u0105tek<\/strong><br>11:00 \u2013 18:00<br><br><strong><span style=\"color:#1707f8\" class=\"has-inline-color\">HUBERT MECKE<\/span><\/strong><br><strong>Wybrane dni od 15 do 18 &#8211; informacja w rejestracji.<\/strong>\u00a0<br><br><strong><strong><span style=\"color:#1707f8\" class=\"has-inline-color\">KAMAR LIUDMI\u0141A<\/span><\/strong><\/strong><br><strong>Wtorek<\/strong><br>11:00 \u2013 18:00<br><strong>Pi\u0105tek<\/strong><br>08:15 \u2013 14:15<br><br><strong><span style=\"color:#1707f8\" class=\"has-inline-color\">TOMCZAK MONIKA<\/span><\/strong><br><strong>Poniedzia\u0142ek<\/strong><br>08:45 \u2013 12:45<br><strong>\u015aroda<\/strong><br>11:00 \u2013 15:00<br><strong>Pi\u0105tek<\/strong><br>08:45 \u2013 13:00<br><\/figcaption><\/figure>\n\n\n\n<p><\/p>\n\n\n\n<p class=\"has-text-align-center\"><\/p>\n\n\n\n<p class=\"has-text-align-left\"><\/p>\n\n\n\n<p class=\"has-text-align-left\"><\/p>\n\n\n\n<p>WA\u017bNE!&nbsp; W szczeg\u00f3lnych sytuacjach godziny przyj\u0119\u0107 w okre\u015blonych dniach mog\u0105&nbsp; ulec zmianie!<\/p>\n","protected":false},"excerpt":{"rendered":"<p>GODZINY PRZYJ\u0118\u0106 LEKARZY W GABINECIE WA\u017bNE!&nbsp; W szczeg\u00f3lnych sytuacjach godziny przyj\u0119\u0107 w okre\u015blonych dniach mog\u0105&nbsp; ulec zmianie!<\/p>\n","protected":false},"author":1,"featured_media":0,"parent":0,"menu_order":0,"comment_status":"closed","ping_status":"closed","template":"","meta":{"footnotes":""},"class_list":["post-144","page","type-page","status-publish","hentry"],"_links":{"self":[{"href":"https:\/\/przychodnia-saluber.pl\/index.php\/wp-json\/wp\/v2\/pages\/144","targetHints":{"allow":["GET"]}}],"collection":[{"href":"https:\/\/przychodnia-saluber.pl\/index.php\/wp-json\/wp\/v2\/pages"}],"about":[{"href":"https:\/\/przychodnia-saluber.pl\/index.php\/wp-json\/wp\/v2\/types\/page"}],"author":[{"embeddable":true,"href":"https:\/\/przychodnia-saluber.pl\/index.php\/wp-json\/wp\/v2\/users\/1"}],"replies":[{"embeddable":true,"href":"https:\/\/przychodnia-saluber.pl\/index.php\/wp-json\/wp\/v2\/comments?post=144"}],"version-history":[{"count":17,"href":"https:\/\/przychodnia-saluber.pl\/index.php\/wp-json\/wp\/v2\/pages\/144\/revisions"}],"predecessor-version":[{"id":477,"href":"https:\/\/przychodnia-saluber.pl\/index.php\/wp-json\/wp\/v2\/pages\/144\/revisions\/477"}],"wp:attachment":[{"href":"https:\/\/przychodnia-saluber.pl\/index.php\/wp-json\/wp\/v2\/media?parent=144"}],"curies":[{"name":"wp","href":"https:\/\/api.w.org\/{rel}","templated":true}]}}