{"id":126,"date":"2021-01-17T10:14:21","date_gmt":"2021-01-17T09:14:21","guid":{"rendered":"http:\/\/progwin.com.pl\/saluber\/?page_id=126"},"modified":"2022-07-19T13:14:53","modified_gmt":"2022-07-19T11:14:53","slug":"nocna-i-swiateczna-opieka-medyczna","status":"publish","type":"page","link":"https:\/\/przychodnia-saluber.pl\/index.php\/nocna-i-swiateczna-opieka-medyczna\/","title":{"rendered":"Nocna i \u015bwi\u0105teczna opieka medyczna"},"content":{"rendered":"\n<p>Informacje<\/p>\n\n\n\n<p>Nocna i \u015bwi\u0105teczna opieka zdrowotna to \u015bwiadczenia w zakresie<br>podstawowej opieki zdrowotnej udzielane&nbsp;<strong>od&nbsp;poniedzia\u0142ku do pi\u0105tku<\/strong><strong><br><\/strong><strong>w godzinach od 18.00 do 8.00 dnia nast\u0119pnego&nbsp;oraz&nbsp;ca\u0142odobowo<\/strong><strong><br><\/strong><strong>w&nbsp;dni ustawowo wolne od&nbsp;pracy.<\/strong><\/p>\n\n\n\n<p><strong>Aktualnie \u015bwiadczenia udzielaj\u0105 jednostki wymienione poni\u017cej<\/strong><\/p>\n\n\n\n<figure class=\"wp-block-table is-style-stripes\"><table class=\"has-fixed-layout\"><thead><tr><th><\/th><th><\/th><th><\/th><\/tr><\/thead><tbody><tr><td>SZPITAL WOJEW\u00d3DZKI W POZNANIU<\/td><td>UL. JURASZ\u00d3W 7\/19 60-479 POZNA\u0143<\/td><td>61&nbsp;821 22 07<\/td><\/tr><tr><td>WIELOSPECJALISTYCZNY SZPITAL MIEJSKI IM.J\u00d3ZEFA STRUSIA Z ZAK\u0141ADEM OPIEKU\u0143CZO-LECZNICZYM. SAMODZIELNY PUBLICZNY ZAK\u0141AD OPIEKI ZDROWOTNEJ Z SIEDZIB\u0104 W POZNANIU<\/td><td>UL. SZWAJCARSKA 3, 61-285 POZNA\u0143<\/td><td>61 873 90 81<br>61 873 91 90<br>61 873 94 08<\/td><\/tr><tr><td>WIELKOPOLSKIE CENTRUM ZDROWIA DZIECKA<\/td><td>UL. WRZOSKA 1, 61-825 POZNA\u0143<\/td><td>61\u00a0616 20 00<\/td><\/tr><tr><td>SZPITAL MIEJSKI IM. FRANCISZKA RASZEI<\/td><td>UL. MICKIEWICZA 2, 60-834 POZNA\u0143<\/td><td>61&nbsp;307 12 75<\/td><\/tr><tr><td>POZNA\u0143SKI O\u015aRODEK SPECJALISTYCZNY US\u0141UG MEDYCZNYCH<\/td><td>AL. SOLIDARNO\u015aCI 36, POZNA\u0143 STARE MIASTO,<\/td><td>61 647 77 15<\/td><\/tr><tr><td>PORADNIA LEKARZA PIERWSZEGO KONTAKTU GAUDIUM NIEPUBLICZNY ZAK\u0141AD OPIEKI ZDROWOTNEJ<\/td><td>UL. K\u00d3RNICKA 75, 62-020 SWARZ\u0118DZ. Z DNIEM 30.07.2020 R.: UL. SERDECZNA 21G\/U1, 62-020 ZALASEWO<\/td><td>61 307 73 07<\/td><\/tr><tr><td>NZOZ &#8222;TWOJA PRZYCHODNIA&#8221; POZ I SPECJALISTYKA<\/td><td>UL. GRUNWALDZKA 508, 62-064, PLEWISKA<\/td><td>575 292 392<\/td><\/tr><tr><td>SZPITAL KLINICZNY IM. H. \u015aWI\u0118CICKIEGO UM W POZNANIU<\/td><td>&nbsp;UL. GRUNWALDZKA 16\/18 16, POZNA\u0143<\/td><td>61 669 82 07<\/td><\/tr><tr><td>SAMODZIELNY PUBLICZNY ZAK\u0141AD OPIEKI ZDROWOTNEJ<\/td><td>UL. SUKIENNICZA 13,&nbsp; 64-500&nbsp;SZAMOTU\u0141Y<\/td><td>61 292 71 13<\/td><\/tr><\/tbody><tfoot><tr><td><\/td><td><\/td><td><\/td><\/tr><\/tfoot><\/table><\/figure>\n\n\n\n<p>Kiedy mo\u017cna skorzysta\u0107 z nocnej&nbsp;i \u015bwi\u0105tecznej<br>opieki zdrowotnej?<\/p>\n\n\n\n<p><strong>Pacjent mo\u017ce skorzysta\u0107 z nocnej i \u015bwi\u0105tecznej opieki zdrowotnej w nast\u0119puj\u0105cych sytuacjach:&nbsp;<\/strong><\/p>\n\n\n\n<ul class=\"wp-block-list\"><li>nag\u0142ego zachorowania,<\/li><li>nag\u0142ego pogorszenia stanu zdrowia, gdy nie ma objaw\u00f3w sugeruj\u0105cych bezpo\u015brednie zagro\u017cenie \u017cycia lub istotny uszczerbek zdrowia, a zastosowane \u015brodki domowe lub leki dost\u0119pne bez recepty nie przynios\u0142y spodziewanej poprawy,<\/li><li>gdy zachodzi obawa, \u017ce oczekiwanie na przyj\u0119cie do lekarza rodzinnego mo\u017ce znacz\u0105co niekorzystnie wp\u0142yn\u0105\u0107 na stan zdrowia.<\/li><\/ul>\n\n\n\n<p><strong>Informacja o punktach nocnej i<\/strong> piel\u0119gniarska, pacjent uzyska u swojego lekarza POZ lub w oddziale wojew\u00f3dzkim NFZ \u2013 infolinia czynna ca\u0142\u0105 dob\u0119:&nbsp;<strong>800 800 805<\/strong><\/p>\n\n\n\n<p><strong>Informacja o punktach nocnej i \u015bwi\u0105tecznej opieki medycznej:<\/strong><\/p>\n\n\n\n<p>\u015awiadczenia nocnej i \u015bwi\u0105tecznej opieki lekarskiej s\u0105 bezp\u0142atne i udzielane bez skierowania. Informacj\u0119 o tym, gdzie sprawowana jest nocna i \u015bwi\u0105teczna opieka lekarska i piel\u0119gniarska, pacjent uzyska u swojego lekarza POZ lub w oddziale wojew\u00f3dzkim NFZ \u2013 infolinia czynna ca\u0142\u0105 dob\u0119:&nbsp;<strong>800 800&nbsp;805&nbsp;<\/strong><\/p>\n\n\n\n<p><strong>&nbsp;&nbsp; link do strony nfz.<\/strong><\/p>\n\n\n\n<figure class=\"wp-block-embed\"><div class=\"wp-block-embed__wrapper\">\nhttp:\/\/nfz-poznan.pl\/page.php\/1\/0\/show\/13328\/\n<\/div><\/figure>\n\n\n\n<p><strong>Skorzystanie ze \u015bwiadcze\u0144 POZ w nocy i \u015bwi\u0119ta uzasadniaj\u0105 mi\u0119dzy innymi:<\/strong><\/p>\n\n\n\n<ul class=\"wp-block-list\"><li>zaostrzenie dolegliwo\u015bci znanej choroby przewlek\u0142ej (np. kolejny napad astmy oskrzelowej z umiarkowan\u0105 duszno\u015bci\u0105,<\/li><li>infekcja dr\u00f3g oddechowych z wysok\u0105 gor\u0105czk\u0105, szczeg\u00f3lnie u ma\u0142ych dzieci i os\u00f3b w podesz\u0142ym wieku,<\/li><li>b\u00f3le brzucha nieust\u0119puj\u0105ce mimo stosowania lek\u00f3w rozkurczowych,<\/li><li>b\u00f3le g\u0142owy nieust\u0119puj\u0105ce mimo stosowania lek\u00f3w przeciwb\u00f3lowych,<\/li><li>biegunka lub wymioty szczeg\u00f3lnie u dzieci lub os\u00f3b w podesz\u0142ym wieku,<\/li><li>zatrzymanie wiatr\u00f3w, stolca lub moczu,<\/li><li>zaburzenia psychiczne (z wyj\u0105tkiem agresji lub pr\u00f3by samob\u00f3jczej- wtedy nale\u017cy wezwa\u0107 pogotowie ratunkowe).<\/li><\/ul>\n\n\n\n<p><strong>Zabiegi piel\u0119gniarskie zlecone w ramach porady udzielonej przez lekarza&nbsp; ubezpieczenia zdrowotnego <u>wynikaj\u0105ce z ci\u0105g\u0142o\u015bci leczenia<\/u> mog\u0105 TAK\u017bE &nbsp;by\u0107 wykonane &nbsp;w ramach \u015bwiadcze\u0144 POMOCY DORA\u0179NEJ przez piel\u0119gniark\u0119 w gabinecie zabiegowym lub w domu pacjenta.<\/strong><\/p>\n\n\n\n<p><strong>Piel\u0119gniarka zespo\u0142u NZOZ SYSTEMA&nbsp;&nbsp; poinformuje gdzie zg\u0142osi\u0107 si\u0119 po takie \u015bwiadczenie w dni wolne.<\/strong><\/p>\n\n\n\n<p><strong>W ramach nocnej i \u015bwi\u0105tecznej opieki lekarskiej nie mo\u017cna uzyska\u0107:<\/strong><\/p>\n\n\n\n<ul class=\"wp-block-list\"><li>&nbsp;wizyty kontrolnej w zwi\u0105zku z wcze\u015bniej rozpocz\u0119tym leczeniem,<\/li><li>recepty na stosowane sta\u0142e leki w zwi\u0105zku ze schorzeniem przewlek\u0142ym,<\/li><li>rutynowe za\u015bwiadczenia o stanie zdrowia.<\/li><\/ul>\n","protected":false},"excerpt":{"rendered":"<p>Informacje Nocna i \u015bwi\u0105teczna opieka zdrowotna to \u015bwiadczenia w zakresiepodstawowej opieki zdrowotnej udzielane&nbsp;od&nbsp;poniedzia\u0142ku do pi\u0105tkuw godzinach od 18.00 do 8.00 dnia nast\u0119pnego&nbsp;oraz&nbsp;ca\u0142odobowow&nbsp;dni ustawowo wolne od&nbsp;pracy. Aktualnie \u015bwiadczenia udzielaj\u0105 jednostki wymienione poni\u017cej SZPITAL WOJEW\u00d3DZKI W POZNANIU UL. JURASZ\u00d3W 7\/19 60-479 POZNA\u0143 &hellip; <a href=\"https:\/\/przychodnia-saluber.pl\/index.php\/nocna-i-swiateczna-opieka-medyczna\/\">Continued<\/a><\/p>\n","protected":false},"author":1,"featured_media":0,"parent":0,"menu_order":0,"comment_status":"closed","ping_status":"closed","template":"","meta":{"footnotes":""},"class_list":["post-126","page","type-page","status-publish","hentry"],"_links":{"self":[{"href":"https:\/\/przychodnia-saluber.pl\/index.php\/wp-json\/wp\/v2\/pages\/126","targetHints":{"allow":["GET"]}}],"collection":[{"href":"https:\/\/przychodnia-saluber.pl\/index.php\/wp-json\/wp\/v2\/pages"}],"about":[{"href":"https:\/\/przychodnia-saluber.pl\/index.php\/wp-json\/wp\/v2\/types\/page"}],"author":[{"embeddable":true,"href":"https:\/\/przychodnia-saluber.pl\/index.php\/wp-json\/wp\/v2\/users\/1"}],"replies":[{"embeddable":true,"href":"https:\/\/przychodnia-saluber.pl\/index.php\/wp-json\/wp\/v2\/comments?post=126"}],"version-history":[{"count":5,"href":"https:\/\/przychodnia-saluber.pl\/index.php\/wp-json\/wp\/v2\/pages\/126\/revisions"}],"predecessor-version":[{"id":333,"href":"https:\/\/przychodnia-saluber.pl\/index.php\/wp-json\/wp\/v2\/pages\/126\/revisions\/333"}],"wp:attachment":[{"href":"https:\/\/przychodnia-saluber.pl\/index.php\/wp-json\/wp\/v2\/media?parent=126"}],"curies":[{"name":"wp","href":"https:\/\/api.w.org\/{rel}","templated":true}]}}